{"id":94,"date":"2024-05-02T12:02:32","date_gmt":"2024-05-02T12:02:32","guid":{"rendered":"https:\/\/www.azulastuto.com\/?page_id=94"},"modified":"2024-05-02T13:35:09","modified_gmt":"2024-05-02T13:35:09","slug":"servicos","status":"publish","type":"page","link":"https:\/\/www.azulastuto.com\/?page_id=94","title":{"rendered":"Servi\u00e7os"},"content":{"rendered":"\t\t<div data-elementor-type=\"wp-page\" data-elementor-id=\"94\" class=\"elementor elementor-94\" data-elementor-post-type=\"page\">\n\t\t\t\t<div class=\"elementor-element elementor-element-0c0e0e2 e-con-full e-flex e-con e-parent\" data-id=\"0c0e0e2\" data-element_type=\"container\" data-settings=\"{&quot;background_background&quot;:&quot;classic&quot;}\">\n\t\t\t\t<div class=\"elementor-element elementor-element-887ead9 elementor-widget elementor-widget-heading\" data-id=\"887ead9\" data-element_type=\"widget\" data-widget_type=\"heading.default\">\n\t\t\t\t<div class=\"elementor-widget-container\">\n\t\t\t\t\t<h2 class=\"elementor-heading-title elementor-size-default\">Servi\u00e7os<\/h2>\t\t\t\t<\/div>\n\t\t\t\t<\/div>\n\t\t\t\t<\/div>\n\t\t<div class=\"elementor-element elementor-element-1db2a134 e-con-full e-flex e-con e-parent\" data-id=\"1db2a134\" data-element_type=\"container\" data-settings=\"{&quot;background_background&quot;:&quot;classic&quot;}\">\n\t\t<div class=\"elementor-element elementor-element-79e0f69c e-con-full e-flex e-con e-child\" data-id=\"79e0f69c\" data-element_type=\"container\">\n\t\t\t\t<div class=\"elementor-element elementor-element-bc36e76 elementor-widget elementor-widget-heading\" data-id=\"bc36e76\" data-element_type=\"widget\" data-widget_type=\"heading.default\">\n\t\t\t\t<div class=\"elementor-widget-container\">\n\t\t\t\t\t<h2 class=\"elementor-heading-title elementor-size-default\">Constru\u00e7\u00e3o de Edif\u00edcios Residenciais e Comerciais<\/h2>\t\t\t\t<\/div>\n\t\t\t\t<\/div>\n\t\t\t\t<div class=\"elementor-element elementor-element-be646d5 elementor-widget elementor-widget-text-editor\" data-id=\"be646d5\" data-element_type=\"widget\" data-widget_type=\"text-editor.default\">\n\t\t\t\t<div class=\"elementor-widget-container\">\n\t\t\t\t\t\t\t\t\t<p style=\"font-weight: 400;\">Na Azul Astuto, especializamo-nos na constru\u00e7\u00e3o de edif\u00edcios residenciais e comerciais que definem novos padr\u00f5es de qualidade e funcionalidade. Cada projeto \u00e9 desenvolvido com uma meticulosa aten\u00e7\u00e3o ao detalhe, garantindo que os espa\u00e7os n\u00e3o s\u00f3 atendem \u00e0s necessidades espec\u00edficas dos nossos clientes, mas tamb\u00e9m contribuem para o enriquecimento da comunidade. Comprometemo-nos a entregar obras que combinam design inovador com a m\u00e1xima efici\u00eancia operacional, criando ambientes que s\u00e3o t\u00e3o sustent\u00e1veis quanto impressionantes. A nossa abordagem \u00e9 orientada para a excel\u00eancia, desde o conceito inicial at\u00e9 \u00e0 execu\u00e7\u00e3o final, assegurando que cada edif\u00edcio \u00e9 um reflexo da nossa dedica\u00e7\u00e3o e lideran\u00e7a no sector da constru\u00e7\u00e3o civil.<\/p>\t\t\t\t\t\t\t\t<\/div>\n\t\t\t\t<\/div>\n\t\t\t\t<\/div>\n\t\t\t\t<div class=\"elementor-element elementor-element-3673832e elementor-widget__width-initial elementor-widget-tablet__width-inherit elementor-widget elementor-widget-image\" data-id=\"3673832e\" data-element_type=\"widget\" data-settings=\"{&quot;motion_fx_motion_fx_scrolling&quot;:&quot;yes&quot;,&quot;motion_fx_translateY_effect&quot;:&quot;yes&quot;,&quot;motion_fx_translateY_speed&quot;:{&quot;unit&quot;:&quot;px&quot;,&quot;size&quot;:2,&quot;sizes&quot;:[]},&quot;motion_fx_translateY_affectedRange&quot;:{&quot;unit&quot;:&quot;%&quot;,&quot;size&quot;:&quot;&quot;,&quot;sizes&quot;:{&quot;start&quot;:0,&quot;end&quot;:100}},&quot;motion_fx_devices&quot;:[&quot;desktop&quot;,&quot;tablet&quot;,&quot;mobile&quot;]}\" data-widget_type=\"image.default\">\n\t\t\t\t<div class=\"elementor-widget-container\">\n\t\t\t\t\t\t\t\t\t\t\t\t\t\t\t<img fetchpriority=\"high\" decoding=\"async\" width=\"800\" height=\"800\" src=\"https:\/\/www.azulastuto.com\/wp-content\/uploads\/2024\/05\/pexels-magda-ehlers-pexels-2861655-e1714656778335-1024x1024.jpg\" class=\"attachment-large size-large wp-image-223\" alt=\"\" srcset=\"https:\/\/www.azulastuto.com\/wp-content\/uploads\/2024\/05\/pexels-magda-ehlers-pexels-2861655-e1714656778335-1024x1024.jpg 1024w, https:\/\/www.azulastuto.com\/wp-content\/uploads\/2024\/05\/pexels-magda-ehlers-pexels-2861655-e1714656778335-300x300.jpg 300w, https:\/\/www.azulastuto.com\/wp-content\/uploads\/2024\/05\/pexels-magda-ehlers-pexels-2861655-e1714656778335-150x150.jpg 150w, https:\/\/www.azulastuto.com\/wp-content\/uploads\/2024\/05\/pexels-magda-ehlers-pexels-2861655-e1714656778335-768x768.jpg 768w, https:\/\/www.azulastuto.com\/wp-content\/uploads\/2024\/05\/pexels-magda-ehlers-pexels-2861655-e1714656778335.jpg 1081w\" sizes=\"(max-width: 800px) 100vw, 800px\" \/>\t\t\t\t\t\t\t\t\t\t\t\t\t\t\t<\/div>\n\t\t\t\t<\/div>\n\t\t\t\t<\/div>\n\t\t<div class=\"elementor-element elementor-element-3e37f0b e-con-full e-flex e-con e-parent\" data-id=\"3e37f0b\" data-element_type=\"container\" data-settings=\"{&quot;background_background&quot;:&quot;classic&quot;}\">\n\t\t<div class=\"elementor-element elementor-element-9006eac e-con-full e-flex e-con e-child\" data-id=\"9006eac\" data-element_type=\"container\" data-settings=\"{&quot;motion_fx_motion_fx_scrolling&quot;:&quot;yes&quot;,&quot;motion_fx_translateX_effect&quot;:&quot;yes&quot;,&quot;motion_fx_translateX_direction&quot;:&quot;negative&quot;,&quot;motion_fx_translateX_speed&quot;:{&quot;unit&quot;:&quot;px&quot;,&quot;size&quot;:2,&quot;sizes&quot;:[]},&quot;motion_fx_translateX_affectedRange&quot;:{&quot;unit&quot;:&quot;%&quot;,&quot;size&quot;:&quot;&quot;,&quot;sizes&quot;:{&quot;start&quot;:0,&quot;end&quot;:50}},&quot;motion_fx_devices&quot;:[&quot;desktop&quot;,&quot;tablet&quot;,&quot;mobile&quot;]}\">\n\t\t\t\t<div class=\"elementor-element elementor-element-d07e8ce elementor-widget elementor-widget-heading\" data-id=\"d07e8ce\" data-element_type=\"widget\" data-widget_type=\"heading.default\">\n\t\t\t\t<div class=\"elementor-widget-container\">\n\t\t\t\t\t<h2 class=\"elementor-heading-title elementor-size-default\">Infraestruturas e Instala\u00e7\u00f5es Industriais<\/h2>\t\t\t\t<\/div>\n\t\t\t\t<\/div>\n\t\t\t\t<div class=\"elementor-element elementor-element-a41e33a elementor-widget elementor-widget-text-editor\" data-id=\"a41e33a\" data-element_type=\"widget\" data-widget_type=\"text-editor.default\">\n\t\t\t\t<div class=\"elementor-widget-container\">\n\t\t\t\t\t\t\t\t\t<p style=\"font-weight: 400;\">Proporcionamos servi\u00e7os especializados na constru\u00e7\u00e3o de infraestruturas e instala\u00e7\u00f5es industriais, adaptando cada projeto \u00e0s exig\u00eancias e complexidades espec\u00edficas do sector industrial. A nossa equipa de profissionais experientes assegura a implementa\u00e7\u00e3o de solu\u00e7\u00f5es inovadoras que maximizam a efici\u00eancia e a funcionalidade das instala\u00e7\u00f5es, garantindo ao mesmo tempo a conformidade com as mais rigorosas normas de seguran\u00e7a e qualidade. Comprometemo-nos a entregar projetos que n\u00e3o s\u00f3 atendem \u00e0s necessidades operacionais dos nossos clientes, mas que tamb\u00e9m contribuem para a sua competitividade e sustentabilidade a longo prazo. A nossa abordagem focada na precis\u00e3o e na excel\u00eancia t\u00e9cnica posiciona a Azul Astuto como um parceiro de confian\u00e7a na constru\u00e7\u00e3o de infraestruturas industriais robustas e duradouras.<\/p>\t\t\t\t\t\t\t\t<\/div>\n\t\t\t\t<\/div>\n\t\t\t\t<\/div>\n\t\t\t\t<div class=\"elementor-element elementor-element-86aec74 elementor-widget__width-initial elementor-widget-tablet__width-inherit elementor-widget elementor-widget-image\" data-id=\"86aec74\" data-element_type=\"widget\" data-settings=\"{&quot;motion_fx_motion_fx_scrolling&quot;:&quot;yes&quot;,&quot;motion_fx_translateX_effect&quot;:&quot;yes&quot;,&quot;motion_fx_translateX_speed&quot;:{&quot;unit&quot;:&quot;px&quot;,&quot;size&quot;:2,&quot;sizes&quot;:[]},&quot;motion_fx_translateX_affectedRange&quot;:{&quot;unit&quot;:&quot;%&quot;,&quot;size&quot;:&quot;&quot;,&quot;sizes&quot;:{&quot;start&quot;:0,&quot;end&quot;:51}},&quot;motion_fx_devices&quot;:[&quot;desktop&quot;,&quot;tablet&quot;,&quot;mobile&quot;]}\" data-widget_type=\"image.default\">\n\t\t\t\t<div class=\"elementor-widget-container\">\n\t\t\t\t\t\t\t\t\t\t\t\t\t\t\t<img decoding=\"async\" width=\"800\" height=\"800\" src=\"https:\/\/www.azulastuto.com\/wp-content\/uploads\/2024\/05\/pexels-pixabay-221047-e1714656851458-1024x1024.jpg\" class=\"attachment-large size-large wp-image-225\" alt=\"\" srcset=\"https:\/\/www.azulastuto.com\/wp-content\/uploads\/2024\/05\/pexels-pixabay-221047-e1714656851458-1024x1024.jpg 1024w, https:\/\/www.azulastuto.com\/wp-content\/uploads\/2024\/05\/pexels-pixabay-221047-e1714656851458-300x300.jpg 300w, https:\/\/www.azulastuto.com\/wp-content\/uploads\/2024\/05\/pexels-pixabay-221047-e1714656851458-150x150.jpg 150w, https:\/\/www.azulastuto.com\/wp-content\/uploads\/2024\/05\/pexels-pixabay-221047-e1714656851458-768x768.jpg 768w, https:\/\/www.azulastuto.com\/wp-content\/uploads\/2024\/05\/pexels-pixabay-221047-e1714656851458.jpg 1200w\" sizes=\"(max-width: 800px) 100vw, 800px\" \/>\t\t\t\t\t\t\t\t\t\t\t\t\t\t\t<\/div>\n\t\t\t\t<\/div>\n\t\t\t\t<\/div>\n\t\t<div class=\"elementor-element elementor-element-70e9860 e-con-full e-flex e-con e-parent\" data-id=\"70e9860\" data-element_type=\"container\" data-settings=\"{&quot;background_background&quot;:&quot;classic&quot;}\">\n\t\t<div class=\"elementor-element elementor-element-0791856 e-con-full e-flex e-con e-child\" data-id=\"0791856\" data-element_type=\"container\" data-settings=\"{&quot;motion_fx_motion_fx_scrolling&quot;:&quot;yes&quot;,&quot;motion_fx_translateY_effect&quot;:&quot;yes&quot;,&quot;motion_fx_translateY_speed&quot;:{&quot;unit&quot;:&quot;px&quot;,&quot;size&quot;:2,&quot;sizes&quot;:[]},&quot;motion_fx_translateY_affectedRange&quot;:{&quot;unit&quot;:&quot;%&quot;,&quot;size&quot;:&quot;&quot;,&quot;sizes&quot;:{&quot;start&quot;:0,&quot;end&quot;:50}},&quot;motion_fx_devices&quot;:[&quot;desktop&quot;,&quot;tablet&quot;,&quot;mobile&quot;]}\">\n\t\t\t\t<div class=\"elementor-element elementor-element-9530014 elementor-widget elementor-widget-heading\" data-id=\"9530014\" data-element_type=\"widget\" data-widget_type=\"heading.default\">\n\t\t\t\t<div class=\"elementor-widget-container\">\n\t\t\t\t\t<h2 class=\"elementor-heading-title elementor-size-default\">Solu\u00e7\u00f5es de Efici\u00eancia Energ\u00e9tica<\/h2>\t\t\t\t<\/div>\n\t\t\t\t<\/div>\n\t\t\t\t<div class=\"elementor-element elementor-element-2dc93e7 elementor-widget elementor-widget-text-editor\" data-id=\"2dc93e7\" data-element_type=\"widget\" data-widget_type=\"text-editor.default\">\n\t\t\t\t<div class=\"elementor-widget-container\">\n\t\t\t\t\t\t\t\t\t<p style=\"font-weight: 400;\">Destacamo-nos pela implementa\u00e7\u00e3o de solu\u00e7\u00f5es de efici\u00eancia energ\u00e9tica nos nossos projetos de constru\u00e7\u00e3o. Comprometemo-nos em integrar as melhores pr\u00e1ticas e tecnologias que optimizam o consumo de energia e reduzem o impacto ambiental. As nossas solu\u00e7\u00f5es s\u00e3o desenhadas \u00e0 medida de cada projeto, garantindo que todos os edif\u00edcios n\u00e3o apenas cumprem, mas excedem as normativas de sustentabilidade. Esta abordagem n\u00e3o s\u00f3 beneficia o ambiente como oferece uma redu\u00e7\u00e3o significativa nos custos operacionais para os nossos clientes, demonstrando o nosso compromisso com a constru\u00e7\u00e3o do futuro de forma respons\u00e1vel e sustent\u00e1vel.<\/p>\t\t\t\t\t\t\t\t<\/div>\n\t\t\t\t<\/div>\n\t\t\t\t<\/div>\n\t\t\t\t<div class=\"elementor-element elementor-element-bce809a elementor-widget__width-initial elementor-widget-tablet__width-inherit elementor-widget elementor-widget-image\" data-id=\"bce809a\" data-element_type=\"widget\" data-widget_type=\"image.default\">\n\t\t\t\t<div class=\"elementor-widget-container\">\n\t\t\t\t\t\t\t\t\t\t\t\t\t\t\t<img decoding=\"async\" width=\"800\" height=\"800\" src=\"https:\/\/www.azulastuto.com\/wp-content\/uploads\/2024\/05\/pexels-pixabay-159243-e1714656900913-1024x1024.jpg\" class=\"attachment-large size-large wp-image-224\" alt=\"\" srcset=\"https:\/\/www.azulastuto.com\/wp-content\/uploads\/2024\/05\/pexels-pixabay-159243-e1714656900913-1024x1024.jpg 1024w, https:\/\/www.azulastuto.com\/wp-content\/uploads\/2024\/05\/pexels-pixabay-159243-e1714656900913-300x300.jpg 300w, https:\/\/www.azulastuto.com\/wp-content\/uploads\/2024\/05\/pexels-pixabay-159243-e1714656900913-150x150.jpg 150w, https:\/\/www.azulastuto.com\/wp-content\/uploads\/2024\/05\/pexels-pixabay-159243-e1714656900913-768x767.jpg 768w, https:\/\/www.azulastuto.com\/wp-content\/uploads\/2024\/05\/pexels-pixabay-159243-e1714656900913.jpg 1257w\" sizes=\"(max-width: 800px) 100vw, 800px\" \/>\t\t\t\t\t\t\t\t\t\t\t\t\t\t\t<\/div>\n\t\t\t\t<\/div>\n\t\t\t\t<\/div>\n\t\t\t\t<\/div>\n\t\t","protected":false},"excerpt":{"rendered":"<p>Servi\u00e7os Constru\u00e7\u00e3o de Edif\u00edcios Residenciais e Comerciais Na Azul Astuto, especializamo-nos na constru\u00e7\u00e3o de edif\u00edcios residenciais e comerciais que definem novos padr\u00f5es de qualidade e funcionalidade. Cada projeto \u00e9 desenvolvido com uma meticulosa aten\u00e7\u00e3o ao detalhe, garantindo que os espa\u00e7os n\u00e3o s\u00f3 atendem \u00e0s necessidades espec\u00edficas dos nossos clientes, mas tamb\u00e9m contribuem para o enriquecimento [&hellip;]<\/p>\n","protected":false},"author":1,"featured_media":0,"parent":0,"menu_order":0,"comment_status":"closed","ping_status":"closed","template":"","meta":{"footnotes":""},"class_list":["post-94","page","type-page","status-publish","hentry"],"_links":{"self":[{"href":"https:\/\/www.azulastuto.com\/index.php?rest_route=\/wp\/v2\/pages\/94","targetHints":{"allow":["GET"]}}],"collection":[{"href":"https:\/\/www.azulastuto.com\/index.php?rest_route=\/wp\/v2\/pages"}],"about":[{"href":"https:\/\/www.azulastuto.com\/index.php?rest_route=\/wp\/v2\/types\/page"}],"author":[{"embeddable":true,"href":"https:\/\/www.azulastuto.com\/index.php?rest_route=\/wp\/v2\/users\/1"}],"replies":[{"embeddable":true,"href":"https:\/\/www.azulastuto.com\/index.php?rest_route=%2Fwp%2Fv2%2Fcomments&post=94"}],"version-history":[{"count":13,"href":"https:\/\/www.azulastuto.com\/index.php?rest_route=\/wp\/v2\/pages\/94\/revisions"}],"predecessor-version":[{"id":232,"href":"https:\/\/www.azulastuto.com\/index.php?rest_route=\/wp\/v2\/pages\/94\/revisions\/232"}],"wp:attachment":[{"href":"https:\/\/www.azulastuto.com\/index.php?rest_route=%2Fwp%2Fv2%2Fmedia&parent=94"}],"curies":[{"name":"wp","href":"https:\/\/api.w.org\/{rel}","templated":true}]}}