{"id":104,"date":"2024-05-02T12:12:56","date_gmt":"2024-05-02T12:12:56","guid":{"rendered":"https:\/\/www.azulastuto.com\/?page_id=104"},"modified":"2024-05-02T13:46:42","modified_gmt":"2024-05-02T13:46:42","slug":"integridade","status":"publish","type":"page","link":"https:\/\/www.azulastuto.com\/?page_id=104","title":{"rendered":"Integridade"},"content":{"rendered":"\t\t<div data-elementor-type=\"wp-page\" data-elementor-id=\"104\" class=\"elementor elementor-104\" data-elementor-post-type=\"page\">\n\t\t\t\t<div class=\"elementor-element elementor-element-13cd2bb e-con-full e-flex e-con e-parent\" data-id=\"13cd2bb\" data-element_type=\"container\" data-settings=\"{&quot;background_background&quot;:&quot;classic&quot;}\">\n\t\t\t\t<div class=\"elementor-element elementor-element-5dc0b0d elementor-widget elementor-widget-heading\" data-id=\"5dc0b0d\" data-element_type=\"widget\" data-widget_type=\"heading.default\">\n\t\t\t\t<div class=\"elementor-widget-container\">\n\t\t\t\t\t<h2 class=\"elementor-heading-title elementor-size-default\">Integridade<\/h2>\t\t\t\t<\/div>\n\t\t\t\t<\/div>\n\t\t\t\t<\/div>\n\t\t<div class=\"elementor-element elementor-element-61ae6c1 e-con-full e-flex e-con e-parent\" data-id=\"61ae6c1\" data-element_type=\"container\" data-settings=\"{&quot;background_background&quot;:&quot;classic&quot;}\">\n\t\t<div class=\"elementor-element elementor-element-c43326b e-con-full e-flex e-con e-child\" data-id=\"c43326b\" data-element_type=\"container\">\n\t\t\t\t<div class=\"elementor-element elementor-element-5c989ce elementor-widget elementor-widget-heading\" data-id=\"5c989ce\" data-element_type=\"widget\" data-widget_type=\"heading.default\">\n\t\t\t\t<div class=\"elementor-widget-container\">\n\t\t\t\t\t<h2 class=\"elementor-heading-title elementor-size-default\">Pol\u00edtica de qualidade da empresa<\/h2>\t\t\t\t<\/div>\n\t\t\t\t<\/div>\n\t\t\t\t<div class=\"elementor-element elementor-element-f9adf43 elementor-widget elementor-widget-text-editor\" data-id=\"f9adf43\" data-element_type=\"widget\" data-widget_type=\"text-editor.default\">\n\t\t\t\t<div class=\"elementor-widget-container\">\n\t\t\t\t\t\t\t\t\t<p style=\"font-weight: 400;\">Especializamo-nos na implementa\u00e7\u00e3o de solu\u00e7\u00f5es de efici\u00eancia energ\u00e9tica em todos os nossos projectos de constru\u00e7\u00e3o. Priorizamos a adop\u00e7\u00e3o de sistemas avan\u00e7ados que optimizam o uso de energia, reduzem os custos operacionais e minimizam o impacto ambiental. As nossas estrat\u00e9gias incluem a utiliza\u00e7\u00e3o de materiais sustent\u00e1veis e a incorpora\u00e7\u00e3o de tecnologias inovadoras que asseguram uma performance energ\u00e9tica superior. Comprometemo-nos com a excel\u00eancia na entrega de edif\u00edcios que n\u00e3o s\u00f3 cumprem as normas regulat\u00f3rias de efici\u00eancia energ\u00e9tica, mas tamb\u00e9m proporcionam um conforto excepcional e benef\u00edcios a longo prazo para os utilizadores e o ambiente.<\/p>\t\t\t\t\t\t\t\t<\/div>\n\t\t\t\t<\/div>\n\t\t\t\t<\/div>\n\t\t\t\t<\/div>\n\t\t<div class=\"elementor-element elementor-element-98d4a68 e-con-full e-flex e-con e-parent\" data-id=\"98d4a68\" data-element_type=\"container\" data-settings=\"{&quot;background_background&quot;:&quot;classic&quot;,&quot;background_motion_fx_motion_fx_scrolling&quot;:&quot;yes&quot;,&quot;background_motion_fx_translateY_effect&quot;:&quot;yes&quot;,&quot;background_motion_fx_translateY_speed&quot;:{&quot;unit&quot;:&quot;px&quot;,&quot;size&quot;:4,&quot;sizes&quot;:[]},&quot;background_motion_fx_translateY_affectedRange&quot;:{&quot;unit&quot;:&quot;%&quot;,&quot;size&quot;:&quot;&quot;,&quot;sizes&quot;:{&quot;start&quot;:0,&quot;end&quot;:100}},&quot;background_motion_fx_devices&quot;:[&quot;desktop&quot;,&quot;tablet&quot;,&quot;mobile&quot;]}\">\n\t\t<div class=\"elementor-element elementor-element-4e1802d e-con-full e-flex e-con e-child\" data-id=\"4e1802d\" data-element_type=\"container\">\n\t\t\t\t<div class=\"elementor-element elementor-element-c8b3c02 elementor-widget elementor-widget-heading\" data-id=\"c8b3c02\" data-element_type=\"widget\" data-widget_type=\"heading.default\">\n\t\t\t\t<div class=\"elementor-widget-container\">\n\t\t\t\t\t<h2 class=\"elementor-heading-title elementor-size-default\">Certifica\u00e7\u00f5es e normas seguidas<\/h2>\t\t\t\t<\/div>\n\t\t\t\t<\/div>\n\t\t\t\t<div class=\"elementor-element elementor-element-ed8cdca elementor-widget elementor-widget-text-editor\" data-id=\"ed8cdca\" data-element_type=\"widget\" data-widget_type=\"text-editor.default\">\n\t\t\t\t<div class=\"elementor-widget-container\">\n\t\t\t\t\t\t\t\t\t<p style=\"font-weight: 400;\">Na Azul Astuto, comprometemo-nos a seguir rigorosamente as normas e regulamentos do sector da constru\u00e7\u00e3o civil, assegurando que todos os nossos projetos cumprem com as certifica\u00e7\u00f5es nacionais e internacionais exigidas. A nossa ades\u00e3o a estas normas reflete o nosso empenho na qualidade, seguran\u00e7a e sustentabilidade, garantindo que cada constru\u00e7\u00e3o n\u00e3o s\u00f3 atende, mas frequentemente excede, os requisitos legais e as expectativas dos clientes. Estamos continuamente a atualizar as nossas pr\u00e1ticas e a formar a nossa equipa para estar alinhada com as \u00faltimas inova\u00e7\u00f5es e mudan\u00e7as regulat\u00f3rias, assegurando assim a lideran\u00e7a na implementa\u00e7\u00e3o de pr\u00e1ticas de constru\u00e7\u00e3o de excel\u00eancia.<\/p>\t\t\t\t\t\t\t\t<\/div>\n\t\t\t\t<\/div>\n\t\t\t\t<\/div>\n\t\t\t\t<\/div>\n\t\t<div class=\"elementor-element elementor-element-da365b5 e-con-full e-flex e-con e-parent\" data-id=\"da365b5\" data-element_type=\"container\" data-settings=\"{&quot;background_background&quot;:&quot;gradient&quot;}\">\n\t\t<div class=\"elementor-element elementor-element-94371cc e-con-full e-flex e-con e-child\" data-id=\"94371cc\" data-element_type=\"container\">\n\t\t\t\t<div class=\"elementor-element elementor-element-eceb522 elementor-widget elementor-widget-heading\" data-id=\"eceb522\" data-element_type=\"widget\" data-widget_type=\"heading.default\">\n\t\t\t\t<div class=\"elementor-widget-container\">\n\t\t\t\t\t<h2 class=\"elementor-heading-title elementor-size-default\">Controlo de qualidade em projectos<\/h2>\t\t\t\t<\/div>\n\t\t\t\t<\/div>\n\t\t\t\t<div class=\"elementor-element elementor-element-b5f9043 elementor-widget elementor-widget-text-editor\" data-id=\"b5f9043\" data-element_type=\"widget\" data-widget_type=\"text-editor.default\">\n\t\t\t\t<div class=\"elementor-widget-container\">\n\t\t\t\t\t\t\t\t\t<p style=\"font-weight: 400;\">O controlo de qualidade nos nossos projetos \u00e9 rigoroso e meticuloso. Implementamos um sistema de avalia\u00e7\u00e3o cont\u00ednua que abrange todas as fases da constru\u00e7\u00e3o, desde o planeamento inicial at\u00e9 \u00e0 entrega final. Este processo inclui a verifica\u00e7\u00e3o sistem\u00e1tica dos materiais, a supervis\u00e3o detalhada das t\u00e9cnicas de constru\u00e7\u00e3o e a realiza\u00e7\u00e3o de auditorias regulares para assegurar que todos os aspectos do projeto cumprem os mais altos padr\u00f5es de qualidade e seguran\u00e7a. A nossa equipa de profissionais qualificados trabalha com o compromisso de garantir a excel\u00eancia e a satisfa\u00e7\u00e3o total dos nossos clientes, assegurando que cada edif\u00edcio \u00e9 uma prova da nossa dedica\u00e7\u00e3o e expertise.<\/p>\t\t\t\t\t\t\t\t<\/div>\n\t\t\t\t<\/div>\n\t\t\t\t<\/div>\n\t\t\t\t<\/div>\n\t\t<div class=\"elementor-element elementor-element-bb41698 e-con-full e-flex e-con e-parent\" data-id=\"bb41698\" data-element_type=\"container\" data-settings=\"{&quot;background_background&quot;:&quot;classic&quot;}\">\n\t\t<div class=\"elementor-element elementor-element-f422d46 e-con-full e-flex e-con e-child\" data-id=\"f422d46\" data-element_type=\"container\">\n\t\t\t\t<div class=\"elementor-element elementor-element-58bf407 elementor-widget elementor-widget-heading\" data-id=\"58bf407\" data-element_type=\"widget\" data-widget_type=\"heading.default\">\n\t\t\t\t<div class=\"elementor-widget-container\">\n\t\t\t\t\t<h2 class=\"elementor-heading-title elementor-size-default\">Impacto da qualidade no sucesso do cliente<\/h2>\t\t\t\t<\/div>\n\t\t\t\t<\/div>\n\t\t\t\t<div class=\"elementor-element elementor-element-ab23b2b elementor-widget elementor-widget-text-editor\" data-id=\"ab23b2b\" data-element_type=\"widget\" data-widget_type=\"text-editor.default\">\n\t\t\t\t<div class=\"elementor-widget-container\">\n\t\t\t\t\t\t\t\t\t<p style=\"font-weight: 400;\">Entendemos que a qualidade dos nossos projetos \u00e9 fundamental para o sucesso dos nossos clientes. Ao assegurar altos padr\u00f5es de constru\u00e7\u00e3o, n\u00e3o s\u00f3 melhoramos a durabilidade e a funcionalidade das infraestruturas, mas tamb\u00e9m potenciamos o valor comercial e a satisfa\u00e7\u00e3o dos utilizadores finais. A qualidade superior dos nossos edif\u00edcios reflete-se numa redu\u00e7\u00e3o significativa dos custos de manuten\u00e7\u00e3o e numa maior atratividade para inquilinos e investidores. Assim, ao centrar-nos na excel\u00eancia em cada etapa do projeto, contribu\u00edmos diretamente para o sucesso sustent\u00e1vel dos nossos clientes, fortalecendo a nossa reputa\u00e7\u00e3o e fidelizando a nossa clientela.<\/p>\t\t\t\t\t\t\t\t<\/div>\n\t\t\t\t<\/div>\n\t\t\t\t<\/div>\n\t\t\t\t<\/div>\n\t\t\t\t<\/div>\n\t\t","protected":false},"excerpt":{"rendered":"<p>Integridade Pol\u00edtica de qualidade da empresa Especializamo-nos na implementa\u00e7\u00e3o de solu\u00e7\u00f5es de efici\u00eancia energ\u00e9tica em todos os nossos projectos de constru\u00e7\u00e3o. Priorizamos a adop\u00e7\u00e3o de sistemas avan\u00e7ados que optimizam o uso de energia, reduzem os custos operacionais e minimizam o impacto ambiental. As nossas estrat\u00e9gias incluem a utiliza\u00e7\u00e3o de materiais sustent\u00e1veis e a incorpora\u00e7\u00e3o de [&hellip;]<\/p>\n","protected":false},"author":1,"featured_media":0,"parent":0,"menu_order":0,"comment_status":"closed","ping_status":"closed","template":"","meta":{"footnotes":""},"class_list":["post-104","page","type-page","status-publish","hentry"],"_links":{"self":[{"href":"https:\/\/www.azulastuto.com\/index.php?rest_route=\/wp\/v2\/pages\/104","targetHints":{"allow":["GET"]}}],"collection":[{"href":"https:\/\/www.azulastuto.com\/index.php?rest_route=\/wp\/v2\/pages"}],"about":[{"href":"https:\/\/www.azulastuto.com\/index.php?rest_route=\/wp\/v2\/types\/page"}],"author":[{"embeddable":true,"href":"https:\/\/www.azulastuto.com\/index.php?rest_route=\/wp\/v2\/users\/1"}],"replies":[{"embeddable":true,"href":"https:\/\/www.azulastuto.com\/index.php?rest_route=%2Fwp%2Fv2%2Fcomments&post=104"}],"version-history":[{"count":28,"href":"https:\/\/www.azulastuto.com\/index.php?rest_route=\/wp\/v2\/pages\/104\/revisions"}],"predecessor-version":[{"id":250,"href":"https:\/\/www.azulastuto.com\/index.php?rest_route=\/wp\/v2\/pages\/104\/revisions\/250"}],"wp:attachment":[{"href":"https:\/\/www.azulastuto.com\/index.php?rest_route=%2Fwp%2Fv2%2Fmedia&parent=104"}],"curies":[{"name":"wp","href":"https:\/\/api.w.org\/{rel}","templated":true}]}}